{"id":332,"date":"2015-11-02T00:34:55","date_gmt":"2015-11-01T23:34:55","guid":{"rendered":"http:\/\/www.nedclad.nl\/?page_id=332"},"modified":"2019-01-03T23:25:05","modified_gmt":"2019-01-03T22:25:05","slug":"theorie","status":"publish","type":"page","link":"https:\/\/www.nedclad.nl\/de\/technologie\/theorie\/","title":{"rendered":"Theorie"},"content":{"rendered":"<p><strong>Theorie\u00a0des Laserauftragsschwei\u00dfens<\/strong><\/p>\n<p>Das Werkst\u00fcck wird durch den Laserstrahl lokal aufgeschmilzt. Durch je nach Anwendungsfall eigens entwickelte D\u00fcsen wird dem Prozess Schutzgas und feines Metallpulver zugef\u00fchrt.\u00a0Das Metallpulver schmilzt im Fokus des Laserstrahls und verbindet sich mit dem Metall des Werkst\u00fccks.<\/p>\n<p><strong><\/p>\n<p><img decoding=\"async\" class=\"size-medium wp-image-1299 alignright\" src=\"https:\/\/www.nedclad.nl\/wp-content\/uploads\/\/Principe-II-286x300.jpg\" alt=\"Principe II\" width=\"286\" height=\"300\" srcset=\"https:\/\/www.nedclad.nl\/wp-content\/uploads\/Principe-II-286x300.jpg 286w, https:\/\/www.nedclad.nl\/wp-content\/uploads\/Principe-II-768x806.jpg 768w, https:\/\/www.nedclad.nl\/wp-content\/uploads\/Principe-II-975x1024.jpg 975w, https:\/\/www.nedclad.nl\/wp-content\/uploads\/Principe-II-951x999.jpg 951w, https:\/\/www.nedclad.nl\/wp-content\/uploads\/Principe-II.jpg 1040w\" sizes=\"(max-width: 286px) 100vw, 286px\" \/>Vorteile des Laserauftragsschwei\u00dfens:<\/strong><\/p>\n<ul>\n<li>Beschichten mit fokussierter Energiezufuhr:<b><br \/>\n<\/b>-&gt; Geringer W\u00e4rmeeintrag<br \/>\n-&gt; Geringe W\u00e4rmeeinflusszone<br \/>\n-&gt; Geringe Aufmischung mit dem Grundwerkstoff<br \/>\n-&gt; Minimaler Verzug<br \/>\n-&gt; Minimale Ver\u00e4nderung des Grundwerkstoffs<\/li>\n<li>Beschichten mit automatisiertem Schwei\u00dfverfahren<br \/>\n<span style=\"line-height: 1.5;\">-&gt; W\u00e4rmeeintrag wird akkurat beherrscht<br \/>\n<\/span>-&gt; Hohe Reproduzierbarkeit<\/li>\n<li>Laserbeschichtung hat<br \/>\n-&gt; Eine feine Mikrostruktur<br \/>\n-&gt; Eine optimale metallurgische Verbindung<br \/>\n-&gt; 100% Dichte<\/li>\n<\/ul>\n","protected":false},"excerpt":{"rendered":"<p>Theorie\u00a0des Laserauftragsschwei\u00dfens Das Werkst\u00fcck wird durch den Laserstrahl lokal aufgeschmilzt. Durch je nach Anwendungsfall eigens entwickelte D\u00fcsen wird dem Prozess Schutzgas und feines Metallpulver zugef\u00fchrt.\u00a0Das Metallpulver schmilzt im Fokus des &#8230; <a class=\"read-more\" href=\"https:\/\/www.nedclad.nl\/de\/technologie\/theorie\/\">Lees verder<\/a>  &raquo;<\/p>\n","protected":false},"author":5,"featured_media":0,"parent":341,"menu_order":11,"comment_status":"closed","ping_status":"closed","template":"","meta":{"_acf_changed":false,"_monsterinsights_skip_tracking":false,"_monsterinsights_sitenote_active":false,"_monsterinsights_sitenote_note":"","_monsterinsights_sitenote_category":0,"footnotes":""},"class_list":["post-332","page","type-page","status-publish","hentry"],"acf":{"show_usp":false,"show_cta":false,"cta_text":"M\u00f6chten Sie wissen, was wir f\u00fcr Sie tun k\u00f6nnen?","cta_button":"F\u00fchlen Sie sich frei uns zu kontaktieren","cta_link":null},"yoast_head":"<!-- This site is optimized with the Yoast SEO plugin v27.4 - https:\/\/yoast.com\/product\/yoast-seo-wordpress\/ -->\n<title>Theorie | NedClad Technology BV<\/title>\n<meta name=\"robots\" content=\"index, follow, max-snippet:-1, max-image-preview:large, max-video-preview:-1\" \/>\n<link rel=\"canonical\" href=\"https:\/\/www.nedclad.nl\/de\/technologie\/theorie\/\" \/>\n<meta property=\"og:locale\" content=\"de_DE\" \/>\n<meta property=\"og:type\" content=\"article\" \/>\n<meta property=\"og:title\" content=\"Theorie | NedClad Technology BV\" \/>\n<meta property=\"og:description\" content=\"Theorie\u00a0des Laserauftragsschwei\u00dfens Das Werkst\u00fcck wird durch den Laserstrahl lokal aufgeschmilzt. Durch je nach Anwendungsfall eigens entwickelte D\u00fcsen wird dem Prozess Schutzgas und feines Metallpulver zugef\u00fchrt.\u00a0Das Metallpulver schmilzt im Fokus des ... Lees verder &raquo;\" \/>\n<meta property=\"og:url\" content=\"https:\/\/www.nedclad.nl\/de\/technologie\/theorie\/\" \/>\n<meta property=\"og:site_name\" content=\"NedClad Technology BV\" \/>\n<meta property=\"article:modified_time\" content=\"2019-01-03T22:25:05+00:00\" \/>\n<meta property=\"og:image\" content=\"https:\/\/www.nedclad.nl\/wp-content\/uploads\/\/Principe-II-286x300.jpg\" \/>\n<meta name=\"twitter:card\" content=\"summary_large_image\" \/>\n<meta name=\"twitter:label1\" content=\"Gesch\u00e4tzte Lesezeit\" \/>\n\t<meta name=\"twitter:data1\" content=\"1\u00a0Minute\" \/>\n<script type=\"application\/ld+json\" class=\"yoast-schema-graph\">{\"@context\":\"https:\\\/\\\/schema.org\",\"@graph\":[{\"@type\":\"WebPage\",\"@id\":\"https:\\\/\\\/www.nedclad.nl\\\/de\\\/technologie\\\/theorie\\\/\",\"url\":\"https:\\\/\\\/www.nedclad.nl\\\/de\\\/technologie\\\/theorie\\\/\",\"name\":\"Theorie | NedClad Technology BV\",\"isPartOf\":{\"@id\":\"https:\\\/\\\/www.nedclad.nl\\\/de\\\/#website\"},\"primaryImageOfPage\":{\"@id\":\"https:\\\/\\\/www.nedclad.nl\\\/de\\\/technologie\\\/theorie\\\/#primaryimage\"},\"image\":{\"@id\":\"https:\\\/\\\/www.nedclad.nl\\\/de\\\/technologie\\\/theorie\\\/#primaryimage\"},\"thumbnailUrl\":\"https:\\\/\\\/www.nedclad.nl\\\/wp-content\\\/uploads\\\/\\\/Principe-II-286x300.jpg\",\"datePublished\":\"2015-11-01T23:34:55+00:00\",\"dateModified\":\"2019-01-03T22:25:05+00:00\",\"breadcrumb\":{\"@id\":\"https:\\\/\\\/www.nedclad.nl\\\/de\\\/technologie\\\/theorie\\\/#breadcrumb\"},\"inLanguage\":\"de\",\"potentialAction\":[{\"@type\":\"ReadAction\",\"target\":[\"https:\\\/\\\/www.nedclad.nl\\\/de\\\/technologie\\\/theorie\\\/\"]}]},{\"@type\":\"ImageObject\",\"inLanguage\":\"de\",\"@id\":\"https:\\\/\\\/www.nedclad.nl\\\/de\\\/technologie\\\/theorie\\\/#primaryimage\",\"url\":\"https:\\\/\\\/www.nedclad.nl\\\/wp-content\\\/uploads\\\/\\\/Principe-II-286x300.jpg\",\"contentUrl\":\"https:\\\/\\\/www.nedclad.nl\\\/wp-content\\\/uploads\\\/\\\/Principe-II-286x300.jpg\"},{\"@type\":\"BreadcrumbList\",\"@id\":\"https:\\\/\\\/www.nedclad.nl\\\/de\\\/technologie\\\/theorie\\\/#breadcrumb\",\"itemListElement\":[{\"@type\":\"ListItem\",\"position\":1,\"name\":\"Home\",\"item\":\"https:\\\/\\\/www.nedclad.nl\\\/de\\\/\"},{\"@type\":\"ListItem\",\"position\":2,\"name\":\"Technologie\",\"item\":\"https:\\\/\\\/www.nedclad.nl\\\/de\\\/technologie\\\/\"},{\"@type\":\"ListItem\",\"position\":3,\"name\":\"Theorie\"}]},{\"@type\":\"WebSite\",\"@id\":\"https:\\\/\\\/www.nedclad.nl\\\/de\\\/#website\",\"url\":\"https:\\\/\\\/www.nedclad.nl\\\/de\\\/\",\"name\":\"NedClad Technology BV\",\"description\":\"specialist in lasercladden\",\"publisher\":{\"@id\":\"https:\\\/\\\/www.nedclad.nl\\\/de\\\/#organization\"},\"potentialAction\":[{\"@type\":\"SearchAction\",\"target\":{\"@type\":\"EntryPoint\",\"urlTemplate\":\"https:\\\/\\\/www.nedclad.nl\\\/de\\\/?s={search_term_string}\"},\"query-input\":{\"@type\":\"PropertyValueSpecification\",\"valueRequired\":true,\"valueName\":\"search_term_string\"}}],\"inLanguage\":\"de\"},{\"@type\":\"Organization\",\"@id\":\"https:\\\/\\\/www.nedclad.nl\\\/de\\\/#organization\",\"name\":\"NedClad Technology BV\",\"url\":\"https:\\\/\\\/www.nedclad.nl\\\/de\\\/\",\"logo\":{\"@type\":\"ImageObject\",\"inLanguage\":\"de\",\"@id\":\"https:\\\/\\\/www.nedclad.nl\\\/de\\\/#\\\/schema\\\/logo\\\/image\\\/\",\"url\":\"https:\\\/\\\/www.nedclad.nl\\\/wp-content\\\/uploads\\\/nedclad-logo.png\",\"contentUrl\":\"https:\\\/\\\/www.nedclad.nl\\\/wp-content\\\/uploads\\\/nedclad-logo.png\",\"width\":500,\"height\":150,\"caption\":\"NedClad Technology BV\"},\"image\":{\"@id\":\"https:\\\/\\\/www.nedclad.nl\\\/de\\\/#\\\/schema\\\/logo\\\/image\\\/\"},\"sameAs\":[\"https:\\\/\\\/www.linkedin.com\\\/company\\\/nedclad-technology-bv\\\/\"]}]}<\/script>\n<!-- \/ Yoast SEO plugin. -->","yoast_head_json":{"title":"Theorie | NedClad Technology BV","robots":{"index":"index","follow":"follow","max-snippet":"max-snippet:-1","max-image-preview":"max-image-preview:large","max-video-preview":"max-video-preview:-1"},"canonical":"https:\/\/www.nedclad.nl\/de\/technologie\/theorie\/","og_locale":"de_DE","og_type":"article","og_title":"Theorie | NedClad Technology BV","og_description":"Theorie\u00a0des Laserauftragsschwei\u00dfens Das Werkst\u00fcck wird durch den Laserstrahl lokal aufgeschmilzt. Durch je nach Anwendungsfall eigens entwickelte D\u00fcsen wird dem Prozess Schutzgas und feines Metallpulver zugef\u00fchrt.\u00a0Das Metallpulver schmilzt im Fokus des ... Lees verder &raquo;","og_url":"https:\/\/www.nedclad.nl\/de\/technologie\/theorie\/","og_site_name":"NedClad Technology BV","article_modified_time":"2019-01-03T22:25:05+00:00","og_image":[{"url":"https:\/\/www.nedclad.nl\/wp-content\/uploads\/\/Principe-II-286x300.jpg","type":"","width":"","height":""}],"twitter_card":"summary_large_image","twitter_misc":{"Gesch\u00e4tzte Lesezeit":"1\u00a0Minute"},"schema":{"@context":"https:\/\/schema.org","@graph":[{"@type":"WebPage","@id":"https:\/\/www.nedclad.nl\/de\/technologie\/theorie\/","url":"https:\/\/www.nedclad.nl\/de\/technologie\/theorie\/","name":"Theorie | NedClad Technology BV","isPartOf":{"@id":"https:\/\/www.nedclad.nl\/de\/#website"},"primaryImageOfPage":{"@id":"https:\/\/www.nedclad.nl\/de\/technologie\/theorie\/#primaryimage"},"image":{"@id":"https:\/\/www.nedclad.nl\/de\/technologie\/theorie\/#primaryimage"},"thumbnailUrl":"https:\/\/www.nedclad.nl\/wp-content\/uploads\/\/Principe-II-286x300.jpg","datePublished":"2015-11-01T23:34:55+00:00","dateModified":"2019-01-03T22:25:05+00:00","breadcrumb":{"@id":"https:\/\/www.nedclad.nl\/de\/technologie\/theorie\/#breadcrumb"},"inLanguage":"de","potentialAction":[{"@type":"ReadAction","target":["https:\/\/www.nedclad.nl\/de\/technologie\/theorie\/"]}]},{"@type":"ImageObject","inLanguage":"de","@id":"https:\/\/www.nedclad.nl\/de\/technologie\/theorie\/#primaryimage","url":"https:\/\/www.nedclad.nl\/wp-content\/uploads\/\/Principe-II-286x300.jpg","contentUrl":"https:\/\/www.nedclad.nl\/wp-content\/uploads\/\/Principe-II-286x300.jpg"},{"@type":"BreadcrumbList","@id":"https:\/\/www.nedclad.nl\/de\/technologie\/theorie\/#breadcrumb","itemListElement":[{"@type":"ListItem","position":1,"name":"Home","item":"https:\/\/www.nedclad.nl\/de\/"},{"@type":"ListItem","position":2,"name":"Technologie","item":"https:\/\/www.nedclad.nl\/de\/technologie\/"},{"@type":"ListItem","position":3,"name":"Theorie"}]},{"@type":"WebSite","@id":"https:\/\/www.nedclad.nl\/de\/#website","url":"https:\/\/www.nedclad.nl\/de\/","name":"NedClad Technology BV","description":"specialist in lasercladden","publisher":{"@id":"https:\/\/www.nedclad.nl\/de\/#organization"},"potentialAction":[{"@type":"SearchAction","target":{"@type":"EntryPoint","urlTemplate":"https:\/\/www.nedclad.nl\/de\/?s={search_term_string}"},"query-input":{"@type":"PropertyValueSpecification","valueRequired":true,"valueName":"search_term_string"}}],"inLanguage":"de"},{"@type":"Organization","@id":"https:\/\/www.nedclad.nl\/de\/#organization","name":"NedClad Technology BV","url":"https:\/\/www.nedclad.nl\/de\/","logo":{"@type":"ImageObject","inLanguage":"de","@id":"https:\/\/www.nedclad.nl\/de\/#\/schema\/logo\/image\/","url":"https:\/\/www.nedclad.nl\/wp-content\/uploads\/nedclad-logo.png","contentUrl":"https:\/\/www.nedclad.nl\/wp-content\/uploads\/nedclad-logo.png","width":500,"height":150,"caption":"NedClad Technology BV"},"image":{"@id":"https:\/\/www.nedclad.nl\/de\/#\/schema\/logo\/image\/"},"sameAs":["https:\/\/www.linkedin.com\/company\/nedclad-technology-bv\/"]}]}},"_links":{"self":[{"href":"https:\/\/www.nedclad.nl\/de\/wp-json\/wp\/v2\/pages\/332","targetHints":{"allow":["GET"]}}],"collection":[{"href":"https:\/\/www.nedclad.nl\/de\/wp-json\/wp\/v2\/pages"}],"about":[{"href":"https:\/\/www.nedclad.nl\/de\/wp-json\/wp\/v2\/types\/page"}],"author":[{"embeddable":true,"href":"https:\/\/www.nedclad.nl\/de\/wp-json\/wp\/v2\/users\/5"}],"replies":[{"embeddable":true,"href":"https:\/\/www.nedclad.nl\/de\/wp-json\/wp\/v2\/comments?post=332"}],"version-history":[{"count":0,"href":"https:\/\/www.nedclad.nl\/de\/wp-json\/wp\/v2\/pages\/332\/revisions"}],"up":[{"embeddable":true,"href":"https:\/\/www.nedclad.nl\/de\/wp-json\/wp\/v2\/pages\/341"}],"wp:attachment":[{"href":"https:\/\/www.nedclad.nl\/de\/wp-json\/wp\/v2\/media?parent=332"}],"curies":[{"name":"wp","href":"https:\/\/api.w.org\/{rel}","templated":true}]}}